{"id":19,"date":"2024-11-28T22:32:27","date_gmt":"2024-11-28T21:32:27","guid":{"rendered":"http:\/\/ax-metals.local\/?page_id=19"},"modified":"2026-05-04T16:27:16","modified_gmt":"2026-05-04T14:27:16","slug":"o-nas","status":"publish","type":"page","link":"https:\/\/www.ax-metals.com\/pl\/o-nas\/","title":{"rendered":"O nas"},"content":{"rendered":"\n<section id=\"hero\" class=\"hero section max-w-full\">\n<div class=\"hero__inner-container inner-container is-root-container\">\n<div class=\"hero__heading container max-w-medium\">\n<h1 class=\"heading max-w-wide h-75 lh-110\">O nas<\/h1>\n<\/div>\n\n\n\n<div class=\"hero__content container max-w-medium\">\n<figure class=\"decor image\"><img decoding=\"async\" src=\"https:\/\/www.ax-metals.com\/wp-content\/uploads\/2024\/12\/decor.svg\" class=\"wp-image-128\"\/><\/figure>\n\n\n\n<p class=\"text fs-18\">Podstawow\u0105 dzia\u0142alno\u015bci\u0105 naszego przedsi\u0119biorstwa rodzinnego jest handel cz\u0119\u015bciami metalowymi dla firm produkcyjnych z bran\u017cy elektrotechnicznej.<\/p>\n<\/div>\n\n\n\n<div class=\"hero__cta container max-w-medium\">\n<div class=\"buttons has-right-aligned-content gap-8\">\n<a href=\"\/pl\/o-nas\/#nasz-zespol\" class=\"button\" target=\"_self\" rel=\"noopener noreferrer\"><span class=\"button__text\">Nasz zesp\u00f3\u0142<\/span><span class=\"button__icon\"><svg xmlns=\"http:\/\/www.w3.org\/2000\/svg\" width=\"16\" height=\"17\" viewBox=\"0 0 16 17\" fill=\"none\" aria-hidden=\"true\"><path d=\"M8 0.625977L6.59 2.03598L12.17 7.62598H0V9.62598H12.17L6.59 15.216L8 16.626L16 8.62598L8 0.625977Z\" fill=\"#22497D\"><\/path><\/svg><\/span><span class=\"button__bg\"><\/span><\/a>\n\n\n\n<a href=\"\/pl\/kontakt\" class=\"button\" target=\"_self\" rel=\"noopener noreferrer\"><span class=\"button__text\">Skontaktuj si\u0119 z nami<\/span><span class=\"button__icon\"><svg xmlns=\"http:\/\/www.w3.org\/2000\/svg\" width=\"16\" height=\"17\" viewBox=\"0 0 16 17\" fill=\"none\" aria-hidden=\"true\"><path d=\"M8 0.625977L6.59 2.03598L12.17 7.62598H0V9.62598H12.17L6.59 15.216L8 16.626L16 8.62598L8 0.625977Z\" fill=\"#22497D\"><\/path><\/svg><\/span><span class=\"button__bg\"><\/span><\/a>\n<\/div>\n<\/div>\n<\/div>\n\n\n\n<div class=\"hero__background background\"><img decoding=\"async\" class=\"hero__background-image background__image wp-image-5063\" src=\"https:\/\/www.ax-metals.com\/wp-content\/uploads\/2026\/01\/elektryczne-elementy-stykowe-elementy-tloczone-przemysl.png\" alt=\"Elektryczne elementy stykowe i elementy t\u0142oczone dla przemys\u0142owej elektrotechniki\" width=\"1980\" height=\"655\" srcset=\"https:\/\/www.ax-metals.com\/wp-content\/uploads\/2026\/01\/elektryczne-elementy-stykowe-elementy-tloczone-przemysl.png 1980w, https:\/\/www.ax-metals.com\/wp-content\/uploads\/2026\/01\/elektryczne-elementy-stykowe-elementy-tloczone-przemysl-300x99.png 300w, https:\/\/www.ax-metals.com\/wp-content\/uploads\/2026\/01\/elektryczne-elementy-stykowe-elementy-tloczone-przemysl-1024x339.png 1024w, https:\/\/www.ax-metals.com\/wp-content\/uploads\/2026\/01\/elektryczne-elementy-stykowe-elementy-tloczone-przemysl-768x254.png 768w, https:\/\/www.ax-metals.com\/wp-content\/uploads\/2026\/01\/elektryczne-elementy-stykowe-elementy-tloczone-przemysl-1536x508.png 1536w\" sizes=\"(max-width: 1980px) 100vw, 1980px\" \/><\/div>\n<\/section>\n\n\n\n<section id=\"nasz-zespol\" class=\"section max-w-full our-team short-separator\">\n<div class=\"section__inner-container inner-container is-root-container\">\n<div class=\"container max-w-wide\">\n<div class=\"our-team__header container max-w-wide\">\n<p class=\"subheading text\">Zapraszamy do kontaktu!<\/p>\n\n\n\n<figure class=\"decor image\"><img decoding=\"async\" src=\"https:\/\/www.ax-metals.com\/wp-content\/uploads\/2024\/12\/decor.svg\" class=\"wp-image-128\"\/><\/figure>\n\n\n\n<h2 class=\"heading h-48 lh-120\">Nasz zesp\u00f3\u0142<\/h2>\n\n\n\n<a href=\"\/pl\/kontakt\/\" class=\"button is-left-aligned\" target=\"_self\" rel=\"noopener noreferrer\"><span class=\"button__text\">Kontakt<\/span><span class=\"button__icon\"><svg xmlns=\"http:\/\/www.w3.org\/2000\/svg\" width=\"16\" height=\"17\" viewBox=\"0 0 16 17\" fill=\"none\" aria-hidden=\"true\"><path d=\"M8 0.625977L6.59 2.03598L12.17 7.62598H0V9.62598H12.17L6.59 15.216L8 16.626L16 8.62598L8 0.625977Z\" fill=\"#22497D\"><\/path><\/svg><\/span><span class=\"button__bg\"><\/span><\/a>\n<\/div>\n\n\n\n<div class=\"separator mt-8 mb-8\"><span class=\"separator__line\"><\/span><\/div>\n\n\n\n<div class=\"our-team__profiles container max-w-wide\">\n<div class=\"our-team__profil container\">\n<figure class=\"image\"><img decoding=\"async\" src=\"https:\/\/www.ax-metals.com\/wp-content\/uploads\/2025\/03\/1698325857928.jpg\" class=\"wp-image-2325\" width=\"800\" height=\"800\" srcset=\"https:\/\/www.ax-metals.com\/wp-content\/uploads\/2025\/03\/1698325857928.jpg 800w, https:\/\/www.ax-metals.com\/wp-content\/uploads\/2025\/03\/1698325857928-300x300.jpg 300w, https:\/\/www.ax-metals.com\/wp-content\/uploads\/2025\/03\/1698325857928-150x150.jpg 150w, https:\/\/www.ax-metals.com\/wp-content\/uploads\/2025\/03\/1698325857928-768x768.jpg 768w\" sizes=\"(max-width: 800px) 100vw, 800px\" \/><\/figure>\n\n\n\n<div class=\"our-team__profil__details container\">\n<p class=\"our-team__name text\">Marcell Lukawski<\/p>\n\n\n\n<p class=\"our-team__position text\">Prezes zarz\u0105du<\/p>\n\n\n\n<p class=\"our-team__bio text\">Towarzysz\u0119 naszym klientom od pierwszej rozmowy a\u017c do produkcji seryjnej \u2013 w spos\u00f3b zorientowany na rozwi\u0105zania, niezawodny i z techniczn\u0105 wizj\u0105. Zapraszam do bezpo\u015bredniego kontaktu.<\/p>\n\n\n\n<div class=\"social-media container\">\n<a href=\"https:\/\/www.linkedin.com\/in\/marcell-lukawski\" class=\"social-in link\" target=\"_blank\" rel=\"noopener noreferrer\"><span class=\"link__text\">in<\/span><span class=\"link__icon\"><svg xmlns=\"http:\/\/www.w3.org\/2000\/svg\" width=\"16\" height=\"17\" viewBox=\"0 0 16 17\" fill=\"none\" aria-hidden=\"true\"><path d=\"M8 0.625977L6.59 2.03598L12.17 7.62598H0V9.62598H12.17L6.59 15.216L8 16.626L16 8.62598L8 0.625977Z\" fill=\"#22497D\"><\/path><\/svg><\/span><\/a>\n<\/div>\n<\/div>\n<\/div>\n\n\n\n<div class=\"our-team__profil container\">\n<figure class=\"image\"><img decoding=\"async\" src=\"https:\/\/www.ax-metals.com\/wp-content\/uploads\/2025\/08\/blank-profile-picture-973460_960_720.png\" class=\"wp-image-4007\" width=\"720\" height=\"720\" srcset=\"https:\/\/www.ax-metals.com\/wp-content\/uploads\/2025\/08\/blank-profile-picture-973460_960_720.png 720w, https:\/\/www.ax-metals.com\/wp-content\/uploads\/2025\/08\/blank-profile-picture-973460_960_720-300x300.png 300w, https:\/\/www.ax-metals.com\/wp-content\/uploads\/2025\/08\/blank-profile-picture-973460_960_720-150x150.png 150w\" sizes=\"(max-width: 720px) 100vw, 720px\" \/><\/figure>\n\n\n\n<div class=\"our-team__profil__details container\">\n<p class=\"our-team__name text\">Cezary Lukawski<\/p>\n\n\n\n<p class=\"our-team__position text\">Dyrektor sprzeda\u017cy<\/p>\n\n\n\n<p class=\"our-team__bio text\">Jako dyrektor sprzeda\u017cy wspieram naszych klient\u00f3w w realizacji projekt\u00f3w \u2013 od pierwszego kontaktu po stabiln\u0105 wsp\u00f3\u0142prac\u0119 seryjn\u0105. Ch\u0119tnie odpowiem na Pa\u0144stwa pytania.<\/p>\n\n\n\n<div class=\"social-media container\">\n<a href=\"https:\/\/www.linkedin.com\/in\/cezary-lukawski\" class=\"social-in link\" target=\"_blank\" rel=\"noopener noreferrer\"><span class=\"link__text\">in<\/span><span class=\"link__icon\"><svg xmlns=\"http:\/\/www.w3.org\/2000\/svg\" width=\"16\" height=\"17\" viewBox=\"0 0 16 17\" fill=\"none\" aria-hidden=\"true\"><path d=\"M8 0.625977L6.59 2.03598L12.17 7.62598H0V9.62598H12.17L6.59 15.216L8 16.626L16 8.62598L8 0.625977Z\" fill=\"#22497D\"><\/path><\/svg><\/span><\/a>\n<\/div>\n<\/div>\n<\/div>\n<\/div>\n<\/div>\n<\/div>\n<\/section>\n\n\n\n<section id=\"cta\" class=\"cta section max-w-full cta-two\">\n<div class=\"cta__inner-container inner-container is-root-container\">\n<div class=\"container max-w-wide\">\n<div class=\"cta__header container\">\n<figure class=\"decor image\"><img decoding=\"async\" src=\"https:\/\/www.ax-metals.com\/wp-content\/uploads\/2025\/01\/decor_2.svg\" class=\"wp-image-966\"\/><\/figure>\n\n\n\n<h2 class=\"heading h-48 lh-120\">Brzmi interesuj\u0105co?<\/h2>\n\n\n\n<p class=\"text fs-18\">Dowiedz si\u0119 wi\u0119cej o naszych us\u0142ugach i produktach<\/p>\n\n\n\n<a href=\"\/pl\/kontakt\/#form-section\" class=\"button is-left-aligned\" target=\"_self\" rel=\"noopener noreferrer\"><span class=\"button__text\">Wy\u015blij zapytanie<\/span><span class=\"button__icon\"><svg xmlns=\"http:\/\/www.w3.org\/2000\/svg\" width=\"16\" height=\"17\" viewBox=\"0 0 16 17\" fill=\"none\" aria-hidden=\"true\"><path d=\"M8 0.625977L6.59 2.03598L12.17 7.62598H0V9.62598H12.17L6.59 15.216L8 16.626L16 8.62598L8 0.625977Z\" fill=\"#22497D\"><\/path><\/svg><\/span><span class=\"button__bg\"><\/span><\/a>\n<\/div>\n<\/div>\n<\/div>\n\n\n<\/section>\n","protected":false},"excerpt":{"rendered":"","protected":false},"author":2,"featured_media":0,"parent":0,"menu_order":0,"comment_status":"closed","ping_status":"closed","template":"","meta":{"footnotes":""},"class_list":["post-19","page","type-page","status-publish","hentry"],"_links":{"self":[{"href":"https:\/\/www.ax-metals.com\/pl\/wp-json\/wp\/v2\/pages\/19","targetHints":{"allow":["GET"]}}],"collection":[{"href":"https:\/\/www.ax-metals.com\/pl\/wp-json\/wp\/v2\/pages"}],"about":[{"href":"https:\/\/www.ax-metals.com\/pl\/wp-json\/wp\/v2\/types\/page"}],"author":[{"embeddable":true,"href":"https:\/\/www.ax-metals.com\/pl\/wp-json\/wp\/v2\/users\/2"}],"replies":[{"embeddable":true,"href":"https:\/\/www.ax-metals.com\/pl\/wp-json\/wp\/v2\/comments?post=19"}],"version-history":[{"count":0,"href":"https:\/\/www.ax-metals.com\/pl\/wp-json\/wp\/v2\/pages\/19\/revisions"}],"wp:attachment":[{"href":"https:\/\/www.ax-metals.com\/pl\/wp-json\/wp\/v2\/media?parent=19"}],"curies":[{"name":"wp","href":"https:\/\/api.w.org\/{rel}","templated":true}]}}